{"id":863,"date":"2020-08-24T13:21:54","date_gmt":"2020-08-24T13:21:54","guid":{"rendered":"https:\/\/realtor001.com\/?page_id=863"},"modified":"2020-09-01T06:10:17","modified_gmt":"2020-09-01T06:10:17","slug":"mandalika","status":"publish","type":"page","link":"https:\/\/realtor001.com\/it\/mandalika\/","title":{"rendered":"Mandalika"},"content":{"rendered":"<h3>A proposito di Mandalika<\/h3>\n<p>La regione di Mandalika \u00e8 una regione economica speciale destinata all&#039;industria del turismo, sar\u00e0 realizzata nel giugno 2022.<\/p>\n<p>&nbsp;<\/p>\n<p>Questa regione \u00e8 costruita con fondi governativi di circa 21 trilioni di rupie attraverso l&#039;ITDC: <span style=\"color: #0000ff;\"><a style=\"color: #0000ff;\" href=\"https:\/\/www.cnnindonesia.com\/ekonomi\/20200807201317-92-533429\/itdc-kantongi-komitmen-investasi-rp23-t-di-kek-mandalika\" target=\"_blank\" rel=\"noopener noreferrer\">https:\/\/www.cnnindonesia.com\/ekonomi\/20200807201317-92-533429\/itdc-kantongi-komitmen-investasi-rp23-t-di-kek-mandalika<\/a><\/span><\/p>\n<p>&nbsp;<\/p>\n<p>Anche il Moto GP Event e altri eventi affolleranno la regione di Mandalika.<\/p>\n<p><span style=\"color: #0000ff;\"><a style=\"color: #0000ff;\" href=\"https:\/\/kek.go.id\/index.php?\/kawasan\/Mandalika\" target=\"_blank\" rel=\"noopener noreferrer\">Fare clic su questo collegamento alla pagina Mandalika.<\/a><\/span><\/p>\n<p>&nbsp;<\/p>\n<p><strong>Piano di sviluppo a Mandalika: Kuta Beach, Moto GP Circuit, ecc<\/strong><\/p>\n<p><img fetchpriority=\"high\" decoding=\"async\" class=\"alignnone wp-image-865\" src=\"https:\/\/realtor001.com\/wp-content\/uploads\/2020\/08\/Rencana-Mandalika-300x262.jpg\" alt=\"\" width=\"375\" height=\"328\" srcset=\"https:\/\/realtor001.com\/realtor\/wp-content\/uploads\/2020\/08\/Rencana-Mandalika-300x262.jpg 300w, https:\/\/realtor001.com\/realtor\/wp-content\/uploads\/2020\/08\/Rencana-Mandalika-768x670.jpg 768w, https:\/\/realtor001.com\/realtor\/wp-content\/uploads\/2020\/08\/Rencana-Mandalika-425x371.jpg 425w, https:\/\/realtor001.com\/realtor\/wp-content\/uploads\/2020\/08\/Rencana-Mandalika.jpg 877w\" sizes=\"(max-width: 375px) 100vw, 375px\" \/><\/p>\n<p><strong>Piano infrastrutturale:<\/strong><\/p>\n<p><img decoding=\"async\" class=\"alignnone wp-image-864\" src=\"https:\/\/realtor001.com\/wp-content\/uploads\/2020\/08\/Infrastruktur-281x300.jpg\" alt=\"\" width=\"378\" height=\"403\" srcset=\"https:\/\/realtor001.com\/realtor\/wp-content\/uploads\/2020\/08\/Infrastruktur-281x300.jpg 281w, https:\/\/realtor001.com\/realtor\/wp-content\/uploads\/2020\/08\/Infrastruktur-425x453.jpg 425w, https:\/\/realtor001.com\/realtor\/wp-content\/uploads\/2020\/08\/Infrastruktur.jpg 767w\" sizes=\"(max-width: 378px) 100vw, 378px\" \/><\/p>\n<p><strong>Mandalika Master Plan:<\/strong><\/p>\n<p><img decoding=\"async\" class=\"alignnone wp-image-866\" src=\"https:\/\/realtor001.com\/wp-content\/uploads\/2020\/08\/Master-Plan-300x267.jpg\" alt=\"\" width=\"366\" height=\"326\" srcset=\"https:\/\/realtor001.com\/realtor\/wp-content\/uploads\/2020\/08\/Master-Plan-300x267.jpg 300w, https:\/\/realtor001.com\/realtor\/wp-content\/uploads\/2020\/08\/Master-Plan-768x684.jpg 768w, https:\/\/realtor001.com\/realtor\/wp-content\/uploads\/2020\/08\/Master-Plan-425x379.jpg 425w, https:\/\/realtor001.com\/realtor\/wp-content\/uploads\/2020\/08\/Master-Plan.jpg 853w\" sizes=\"(max-width: 366px) 100vw, 366px\" \/><\/p>\n<p>La regione A \u00e8 dove l&#039;attuale ingresso stradale: il villaggio di Kuta.<\/p>","protected":false},"excerpt":{"rendered":"<p>Informazioni su Mandalika La regione di Mandalika \u00e8 una regione economica speciale destinata all&#039;industria del turismo, sar\u00e0 realizzata nel giugno 2022. Questa regione \u00e8 costruita con fondi governativi di circa 21 trilioni di rupie attraverso l&#039;ITDC: https:\/\/www.cnnindonesia.com\/ekonomi \/ 20200807201317-92-533429 \/ itdc-kantongi-komitmen-investasi-rp23-t-di-kek-mandalika Moto GP Event e altri eventi affolleranno anche la regione di Mandalika. Fare clic su questo collegamento alla pagina Mandalika. Piano di sviluppo a Mandalika: Kuta Beach, Circuito Moto GP, ecc. Piano infrastrutturale: Mandalika Master Plan: La regione A \u00e8 dove l&#039;attuale ingresso della strada: il villaggio di Kuta.<span class=\"more-link-wrap\"><a class=\"more-link\" href=\"https:\/\/realtor001.com\/it\/mandalika\/\">Leggi di pi\u00f9 \u2192<\/a><\/span><\/p>","protected":false},"author":1,"featured_media":0,"parent":0,"menu_order":0,"comment_status":"closed","ping_status":"closed","template":"","meta":{"qubely_global_settings":"","qubely_interactions":"","_uag_custom_page_level_css":"","footnotes":""},"class_list":["entry","author-alantrum","post-863","page","type-page","status-publish"],"yoast_head":"<!-- This site is optimized with the Yoast SEO plugin v26.1.1 - https:\/\/yoast.com\/wordpress\/plugins\/seo\/ -->\n<title>Mandalika - Tourism Moto GP Indonesia - Realtor 001<\/title>\n<meta name=\"description\" content=\"Mandalika Moto GP is an event for Tourism that will consume 21 Trillion Rupiah by the government of Indonesia. A town of racing, watersports, &amp; traditions.\" \/>\n<meta name=\"robots\" content=\"index, follow, max-snippet:-1, max-image-preview:large, max-video-preview:-1\" \/>\n<link rel=\"canonical\" href=\"https:\/\/realtor001.com\/it\/mandalika\/\" \/>\n<meta property=\"og:locale\" content=\"it_IT\" \/>\n<meta property=\"og:type\" content=\"article\" \/>\n<meta property=\"og:title\" content=\"Mandalika - Tourism Moto GP Indonesia - Realtor 001\" \/>\n<meta property=\"og:description\" content=\"Mandalika Moto GP is an event for Tourism that will consume 21 Trillion Rupiah by the government of Indonesia. A town of racing, watersports, &amp; traditions.\" \/>\n<meta property=\"og:url\" content=\"https:\/\/realtor001.com\/it\/mandalika\/\" \/>\n<meta property=\"og:site_name\" content=\"Realtor 001\" \/>\n<meta property=\"article:modified_time\" content=\"2020-09-01T06:10:17+00:00\" \/>\n<meta property=\"og:image\" content=\"https:\/\/realtor001.com\/wp-content\/uploads\/2020\/08\/Rencana-Mandalika-300x262.jpg\" \/>\n<meta name=\"twitter:card\" content=\"summary_large_image\" \/>\n<script type=\"application\/ld+json\" class=\"yoast-schema-graph\">{\"@context\":\"https:\/\/schema.org\",\"@graph\":[{\"@type\":\"WebPage\",\"@id\":\"https:\/\/realtor001.com\/id\/mandalika\/\",\"url\":\"https:\/\/realtor001.com\/id\/mandalika\/\",\"name\":\"Mandalika - Tourism Moto GP Indonesia - Realtor 001\",\"isPartOf\":{\"@id\":\"https:\/\/realtor001.com\/ar\/#website\"},\"primaryImageOfPage\":{\"@id\":\"https:\/\/realtor001.com\/id\/mandalika\/#primaryimage\"},\"image\":{\"@id\":\"https:\/\/realtor001.com\/id\/mandalika\/#primaryimage\"},\"thumbnailUrl\":\"https:\/\/realtor001.com\/wp-content\/uploads\/2020\/08\/Rencana-Mandalika-300x262.jpg\",\"datePublished\":\"2020-08-24T13:21:54+00:00\",\"dateModified\":\"2020-09-01T06:10:17+00:00\",\"description\":\"Mandalika Moto GP is an event for Tourism that will consume 21 Trillion Rupiah by the government of Indonesia. A town of racing, watersports, & traditions.\",\"breadcrumb\":{\"@id\":\"https:\/\/realtor001.com\/id\/mandalika\/#breadcrumb\"},\"inLanguage\":\"it-IT\",\"potentialAction\":[{\"@type\":\"ReadAction\",\"target\":[\"https:\/\/realtor001.com\/id\/mandalika\/\"]}]},{\"@type\":\"ImageObject\",\"inLanguage\":\"it-IT\",\"@id\":\"https:\/\/realtor001.com\/id\/mandalika\/#primaryimage\",\"url\":\"https:\/\/realtor001.com\/wp-content\/uploads\/2020\/08\/Rencana-Mandalika-300x262.jpg\",\"contentUrl\":\"https:\/\/realtor001.com\/wp-content\/uploads\/2020\/08\/Rencana-Mandalika-300x262.jpg\"},{\"@type\":\"BreadcrumbList\",\"@id\":\"https:\/\/realtor001.com\/id\/mandalika\/#breadcrumb\",\"itemListElement\":[{\"@type\":\"ListItem\",\"position\":1,\"name\":\"Home\",\"item\":\"https:\/\/realtor001.com\/ar\/\"},{\"@type\":\"ListItem\",\"position\":2,\"name\":\"Mandalika\"}]},{\"@type\":\"WebSite\",\"@id\":\"https:\/\/realtor001.com\/ar\/#website\",\"url\":\"https:\/\/realtor001.com\/ar\/\",\"name\":\"Realtor 001\",\"description\":\"#1 Agency for Property\",\"publisher\":{\"@id\":\"https:\/\/realtor001.com\/ar\/#organization\"},\"potentialAction\":[{\"@type\":\"SearchAction\",\"target\":{\"@type\":\"EntryPoint\",\"urlTemplate\":\"https:\/\/realtor001.com\/ar\/?s={search_term_string}\"},\"query-input\":{\"@type\":\"PropertyValueSpecification\",\"valueRequired\":true,\"valueName\":\"search_term_string\"}}],\"inLanguage\":\"it-IT\"},{\"@type\":\"Organization\",\"@id\":\"https:\/\/realtor001.com\/ar\/#organization\",\"name\":\"PT. Developer Lokasipas\",\"url\":\"https:\/\/realtor001.com\/ar\/\",\"logo\":{\"@type\":\"ImageObject\",\"inLanguage\":\"it-IT\",\"@id\":\"https:\/\/realtor001.com\/ar\/#\/schema\/logo\/image\/\",\"url\":\"https:\/\/realtor001.com\/realtor\/wp-content\/uploads\/2019\/11\/cropped-logo-realtor-V3-Custom-2.png\",\"contentUrl\":\"https:\/\/realtor001.com\/realtor\/wp-content\/uploads\/2019\/11\/cropped-logo-realtor-V3-Custom-2.png\",\"width\":160,\"height\":143,\"caption\":\"PT. Developer Lokasipas\"},\"image\":{\"@id\":\"https:\/\/realtor001.com\/ar\/#\/schema\/logo\/image\/\"}}]}<\/script>\n<!-- \/ Yoast SEO plugin. -->","yoast_head_json":{"title":"Mandalika - Tourism Moto GP Indonesia - Agente immobiliare 001","description":"Mandalika Moto GP \u00e8 un evento per il turismo che consumer\u00e0 21 trilioni di rupie dal governo dell&#039;Indonesia. Una citt\u00e0 di corse, sport acquatici e tradizioni.","robots":{"index":"index","follow":"follow","max-snippet":"max-snippet:-1","max-image-preview":"max-image-preview:large","max-video-preview":"max-video-preview:-1"},"canonical":"https:\/\/realtor001.com\/it\/mandalika\/","og_locale":"it_IT","og_type":"article","og_title":"Mandalika - Tourism Moto GP Indonesia - Realtor 001","og_description":"Mandalika Moto GP is an event for Tourism that will consume 21 Trillion Rupiah by the government of Indonesia. A town of racing, watersports, & traditions.","og_url":"https:\/\/realtor001.com\/it\/mandalika\/","og_site_name":"Realtor 001","article_modified_time":"2020-09-01T06:10:17+00:00","og_image":[{"url":"https:\/\/realtor001.com\/wp-content\/uploads\/2020\/08\/Rencana-Mandalika-300x262.jpg","type":"","width":"","height":""}],"twitter_card":"summary_large_image","schema":{"@context":"https:\/\/schema.org","@graph":[{"@type":"WebPage","@id":"https:\/\/realtor001.com\/id\/mandalika\/","url":"https:\/\/realtor001.com\/id\/mandalika\/","name":"Mandalika - Tourism Moto GP Indonesia - Agente immobiliare 001","isPartOf":{"@id":"https:\/\/realtor001.com\/ar\/#website"},"primaryImageOfPage":{"@id":"https:\/\/realtor001.com\/id\/mandalika\/#primaryimage"},"image":{"@id":"https:\/\/realtor001.com\/id\/mandalika\/#primaryimage"},"thumbnailUrl":"https:\/\/realtor001.com\/wp-content\/uploads\/2020\/08\/Rencana-Mandalika-300x262.jpg","datePublished":"2020-08-24T13:21:54+00:00","dateModified":"2020-09-01T06:10:17+00:00","description":"Mandalika Moto GP \u00e8 un evento per il turismo che consumer\u00e0 21 trilioni di rupie dal governo dell&#039;Indonesia. Una citt\u00e0 di corse, sport acquatici e tradizioni.","breadcrumb":{"@id":"https:\/\/realtor001.com\/id\/mandalika\/#breadcrumb"},"inLanguage":"it-IT","potentialAction":[{"@type":"ReadAction","target":["https:\/\/realtor001.com\/id\/mandalika\/"]}]},{"@type":"ImageObject","inLanguage":"it-IT","@id":"https:\/\/realtor001.com\/id\/mandalika\/#primaryimage","url":"https:\/\/realtor001.com\/wp-content\/uploads\/2020\/08\/Rencana-Mandalika-300x262.jpg","contentUrl":"https:\/\/realtor001.com\/wp-content\/uploads\/2020\/08\/Rencana-Mandalika-300x262.jpg"},{"@type":"BreadcrumbList","@id":"https:\/\/realtor001.com\/id\/mandalika\/#breadcrumb","itemListElement":[{"@type":"ListItem","position":1,"name":"Home","item":"https:\/\/realtor001.com\/ar\/"},{"@type":"ListItem","position":2,"name":"Mandalika"}]},{"@type":"WebSite","@id":"https:\/\/realtor001.com\/ar\/#website","url":"https:\/\/realtor001.com\/ar\/","name":"Agente immobiliare 001","description":"#1 Agenzia per la propriet\u00e0","publisher":{"@id":"https:\/\/realtor001.com\/ar\/#organization"},"potentialAction":[{"@type":"SearchAction","target":{"@type":"EntryPoint","urlTemplate":"https:\/\/realtor001.com\/ar\/?s={search_term_string}"},"query-input":{"@type":"PropertyValueSpecification","valueRequired":true,"valueName":"search_term_string"}}],"inLanguage":"it-IT"},{"@type":"Organization","@id":"https:\/\/realtor001.com\/ar\/#organization","name":"PT. Developer Lokasipas","url":"https:\/\/realtor001.com\/ar\/","logo":{"@type":"ImageObject","inLanguage":"it-IT","@id":"https:\/\/realtor001.com\/ar\/#\/schema\/logo\/image\/","url":"https:\/\/realtor001.com\/realtor\/wp-content\/uploads\/2019\/11\/cropped-logo-realtor-V3-Custom-2.png","contentUrl":"https:\/\/realtor001.com\/realtor\/wp-content\/uploads\/2019\/11\/cropped-logo-realtor-V3-Custom-2.png","width":160,"height":143,"caption":"PT. Developer Lokasipas"},"image":{"@id":"https:\/\/realtor001.com\/ar\/#\/schema\/logo\/image\/"}}]}},"uagb_featured_image_src":{"full":false,"thumbnail":false,"medium":false,"medium_large":false,"large":false,"1536x1536":false,"2048x2048":false,"trp-custom-language-flag":false,"qubely_landscape":false,"qubely_portrait":false,"qubely_thumbnail":false,"hoot-medium-thumb":false,"hoot-preview":false,"hoot-large-thumb":false,"hoot-wide":false,"hoot-extra-wide":false},"uagb_author_info":{"display_name":"Alantrum","author_link":"https:\/\/realtor001.com\/it\/blog\/author\/alantrum\/"},"uagb_comment_info":0,"uagb_excerpt":"About Mandalika Mandalika Region is a special economic region that is intended for the Tourism Industry, will be realized in\u00a0 june 2022. &nbsp; This region is built with government funds of around 21 trillion rupiah through ITDC: https:\/\/www.cnnindonesia.com\/ekonomi\/20200807201317-92-533429\/itdc-kantongi-komitmen-investasi-rp23-t-di-kek-mandalika &nbsp; Moto GP Event and other events will also crowd the Mandalika region. Click this link to&hellip;","_links":{"self":[{"href":"https:\/\/realtor001.com\/it\/wp-json\/wp\/v2\/pages\/863","targetHints":{"allow":["GET"]}}],"collection":[{"href":"https:\/\/realtor001.com\/it\/wp-json\/wp\/v2\/pages"}],"about":[{"href":"https:\/\/realtor001.com\/it\/wp-json\/wp\/v2\/types\/page"}],"author":[{"embeddable":true,"href":"https:\/\/realtor001.com\/it\/wp-json\/wp\/v2\/users\/1"}],"replies":[{"embeddable":true,"href":"https:\/\/realtor001.com\/it\/wp-json\/wp\/v2\/comments?post=863"}],"version-history":[{"count":5,"href":"https:\/\/realtor001.com\/it\/wp-json\/wp\/v2\/pages\/863\/revisions"}],"predecessor-version":[{"id":873,"href":"https:\/\/realtor001.com\/it\/wp-json\/wp\/v2\/pages\/863\/revisions\/873"}],"wp:attachment":[{"href":"https:\/\/realtor001.com\/it\/wp-json\/wp\/v2\/media?parent=863"}],"curies":[{"name":"parola chiave","href":"https:\/\/api.w.org\/{rel}","templated":true}]}}